{"id":2540,"date":"2023-07-22T09:27:39","date_gmt":"2023-07-22T13:27:39","guid":{"rendered":"https:\/\/fpdevel.ca\/information\/"},"modified":"2024-05-21T15:48:39","modified_gmt":"2024-05-21T19:48:39","slug":"information","status":"publish","type":"page","link":"https:\/\/archive.moeb.ca\/en\/information\/","title":{"rendered":"Information"},"content":{"rendered":"\n\n\t<h1>Information<\/h1>\n<p>Les <strong>archives sonores et d&#8217;images d&#8217;Emile Berliner<\/strong> (Les Archives Berliner) pr\u00e9sentent des disques et des enregistrements, des photographes, des documents, des livres, des brochures, des publicit\u00e9s, car nous pensons que vous pouvez avoir une exp\u00e9rience en ligne enrichissante de cette partie de la collection du Mus\u00e9e des ondes Emile Berliner (MOEB). De plus, ces objets ne sont pas accessibles aux visiteurs de notre mus\u00e9e en raison de leur fragilit\u00e9 ou bien parce qu&#8217;ils sont d\u00e9tenus dans des installations de stockage inaccessibles. Nous avons inclus certains des disques les plus rares du mus\u00e9e provenant d&#8217;une collection de la famille Berliner dans ces archives.<\/p>\n<p>De jeunes b\u00e9n\u00e9voles et des experts ont particip\u00e9 \u00e0 la s\u00e9lection. Celle-ci \u00e9tait bas\u00e9e sur un processus rigoureux, mais refl\u00e9tant aussi leur int\u00e9r\u00eat pour la collection du MOEB. Notre objectif \u00e9tait de vous donner une exp\u00e9rience ludique et enrichissante, de vous inviter \u00e0 revenir sur notre site d&#8217;archives \u00e0 l&#8217;avenir, et de participer dans la recherche sur les objets pr\u00e9sent\u00e9s. Nous voulons vous donner un outil pour garder vivant le souvenir de l&#8217;histoire remarquable de l&#8217;industrie du disque au Canada.<\/p>\n<p>La m\u00e9tropole canadienne, Montr\u00e9al, a jou\u00e9 un r\u00f4le cl\u00e9 dans l&#8217;\u00e9volution de la technologie d&#8217;enregistrement sonore, et nous esp\u00e9rons que notre projet contribuera \u00e0 souligner l&#8217;impact du pays, en commen\u00e7ant ce projet l&#8217;ann\u00e9e de la c\u00e9l\u00e9bration de Canada 150.<\/p>\n<p>Les Archives Berliner est un portail permettant aux utilisateurs d&#8217;en apprendre davantage sur l&#8217;histoire importante et marquante d&#8217;Emile Berliner, sur l&#8217;entreprise Berliner Gram-o-Phone de Montr\u00e9al, ainsi que sur l&#8217;histoire de l&#8217;enregistrement sonore et de l&#8217;industrie audio mondiale. Il met \u00e9galement en \u00e9vidence les progr\u00e8s technologiques et les changements dans l&#8217;enregistrement du son enregistr\u00e9 au cours de plusieurs d\u00e9cennies gr\u00e2ce \u00e0 des enregistrements audio num\u00e9ris\u00e9s, diffus\u00e9s directement sur le site archive.moeb.ca. Les archives ont pour but de servir l&#8217;ensemble des utilisateurs, chercheurs, travailleurs culturels et institutions d&#8217;\u00e9ducation.<\/p>\n<p>La num\u00e9risation d&#8217;une partie de notre collection constitue \u00e9galement une forme de pr\u00e9servation des objets rares et fragiles produits aux XIXe et XXe si\u00e8cles (1891-1920), pr\u00e9cieux pour l&#8217;histoire de la technologie de l&#8217;enregistrement sonore.<\/p>\n<p>Nous avons fond\u00e9 notre \u00e9valuation sur 5 facteurs :<\/p>\n<ol>\n<li><strong>Enregistrements uniques associ\u00e9s \u00e0 Emile Berliner et \u00e0 l&#8217;usine Berliner-Gramophone. <\/strong> Ces disques n&#8217;existent probablement nulle part ailleurs.<\/li>\n<li><strong> Les productions locales<\/strong>, telles que celles produites par l&#8217;usine Compo \u00e0 Lachine. Aussi susceptible d&#8217;\u00eatre unique \u00e0 la collection de MOEB.<\/li>\n<li><strong>Contenu local<\/strong>, sugg\u00e9rant qu&#8217;une partie de la collection est un contenu qu\u00e9b\u00e9cois rare.<\/li>\n<li><strong>Les \u00e9l\u00e9ments d&#8217;int\u00e9r\u00eat<\/strong>, \u00e9l\u00e9ments qui peuvent ne pas \u00eatre uniques \u00e0 la collection, tels que les disques illustr\u00e9s, les flexidiscs, les \u00e9tiquettes remarquables, mais qui fournissent le contenu et le contexte pour susciter l&#8217;int\u00e9r\u00eat.<\/li>\n<li><strong>Objets rares ou anciens marquant les changements technologiques et l&#8217;innovation<\/strong> dans l&#8217;histoire de l&#8217;enregistrement sonore et des ondes sonores.<\/li>\n<\/ol>\n<table id=\"information\">\n<tbody>\n<tr>\n<td valign=\"top\">\n<strong>Crit\u00e8re<\/strong>\n<\/td>\n<td valign=\"top\">\n<strong>D\u00e9finition<\/strong>\n<\/td>\n<\/tr>\n<tr>\n<td valign=\"top\">Sujet d&#8217;int\u00e9r\u00eat<\/td>\n<td valign=\"top\">Quelle est la signification ou l&#8217;importance du document audio ?<br \/>\nLes visiteurs potentiels de MOEB seront-ils int\u00e9ress\u00e9s par cette musique ou ce document ?<\/td>\n<\/tr>\n<tr>\n<td valign=\"top\">Qualit\u00e9 du contenu<\/td>\n<td valign=\"top\">Est-ce une bonne repr\u00e9sentation de son \u00e9poque ou du genre de musique ?<\/td>\n<\/tr>\n<tr>\n<td valign=\"top\">Raret\u00e9<\/td>\n<td valign=\"top\">Est-ce unique au MOEB ?<br \/>\nSi ce disque ou document a d\u00e9j\u00e0 \u00e9t\u00e9 num\u00e9ris\u00e9 selon une norme d&#8217;archivage, cet \u00e9l\u00e9ment ne doit pas \u00eatre s\u00e9lectionn\u00e9<\/td>\n<\/tr>\n<tr>\n<td valign=\"top\">Documentation<\/td>\n<td valign=\"top\">Y a-t-il de la documentation \u00e0 l&#8217;appui ? De quelle qualit\u00e9 ?<\/td>\n<\/tr>\n<tr>\n<td valign=\"top\" nowrap=\"nowrap\">Qualit\u00e9 technique\/Mat\u00e9rielle<\/td>\n<td valign=\"top\">Est-ce un enregistrement de bonne qualit\u00e9 ou un document en bon \u00e9tat ? Est-ce \u00e9coutable ?<\/td>\n<\/tr>\n<\/tbody>\n<\/table>\n<p>Les Archives Berliner est un projet en cours. Vous pouvez nous aider \u00e0 compl\u00e9ter nos entr\u00e9es en nous apportant votre expertise. Envoyez vos commentaires \u00e0 <a href=\"mailto:info@moeb.ca\">info@moeb.ca<\/a>. S&#8217;il vous pla\u00eet, n&#8217;oubliez pas d&#8217;identifier l&#8217;objet que vous commentez.<\/p>\n<p>Le Mus\u00e9e a r\u00e9alis\u00e9 ce projet gr\u00e2ce au financement du Programme des communaut\u00e9s documentaires du patrimoine de la Biblioth\u00e8que et des Archives du Canada. La base de donn\u00e9es en ligne comprend actuellement plus de 500 images et 100 fichiers audio.<\/p>\n\n","protected":false},"excerpt":{"rendered":"<p>Information Les archives sonores et d&#8217;images d&#8217;Emile Berliner (Les Archives Berliner) pr\u00e9sentent des disques et des enregistrements, des photographes, des documents, des livres, des brochures, des publicit\u00e9s, car nous pensons que vous pouvez avoir une exp\u00e9rience en ligne enrichissante de cette partie de la collection du Mus\u00e9e des ondes Emile Berliner (MOEB). De plus, ces [&hellip;]<\/p>\n","protected":false},"author":1,"featured_media":0,"parent":0,"menu_order":0,"comment_status":"closed","ping_status":"closed","template":"template-page-builder.php","meta":{"_acf_changed":false,"_genesis_hide_title":false,"_genesis_hide_breadcrumbs":false,"_genesis_hide_singular_image":false,"_genesis_hide_footer_widgets":false,"_genesis_custom_body_class":"","_genesis_custom_post_class":"","_genesis_layout":"","footnotes":""},"class_list":{"0":"post-2540","1":"page","2":"type-page","3":"status-publish","5":"entry"},"acf":[],"yoast_head":"<!-- This site is optimized with the Yoast SEO plugin v27.2 - https:\/\/yoast.com\/product\/yoast-seo-wordpress\/ -->\n<title>Information - Sound and Image Archive Emile Berliner<\/title>\n<meta name=\"robots\" content=\"index, follow, max-snippet:-1, max-image-preview:large, max-video-preview:-1\" \/>\n<link rel=\"canonical\" href=\"https:\/\/archive.moeb.ca\/en\/information\/\" \/>\n<meta property=\"og:locale\" content=\"en_US\" \/>\n<meta property=\"og:type\" content=\"article\" \/>\n<meta property=\"og:title\" content=\"Information - Sound and Image Archive Emile Berliner\" \/>\n<meta property=\"og:description\" content=\"Information Les archives sonores et d&#8217;images d&#8217;Emile Berliner (Les Archives Berliner) pr\u00e9sentent des disques et des enregistrements, des photographes, des documents, des livres, des brochures, des publicit\u00e9s, car nous pensons que vous pouvez avoir une exp\u00e9rience en ligne enrichissante de cette partie de la collection du Mus\u00e9e des ondes Emile Berliner (MOEB). De plus, ces [&hellip;]\" \/>\n<meta property=\"og:url\" content=\"https:\/\/archive.moeb.ca\/en\/information\/\" \/>\n<meta property=\"og:site_name\" content=\"Sound and Image Archive Emile Berliner\" \/>\n<meta property=\"article:publisher\" content=\"https:\/\/www.facebook.com\/moebmtl\" \/>\n<meta property=\"article:modified_time\" content=\"2024-05-21T19:48:39+00:00\" \/>\n<meta name=\"twitter:card\" content=\"summary_large_image\" \/>\n<meta name=\"twitter:label1\" content=\"Est. reading time\" \/>\n\t<meta name=\"twitter:data1\" content=\"3 minutes\" \/>\n<script type=\"application\/ld+json\" class=\"yoast-schema-graph\">{\"@context\":\"https:\/\/schema.org\",\"@graph\":[{\"@type\":\"WebPage\",\"@id\":\"https:\/\/archive.moeb.ca\/en\/information\/\",\"url\":\"https:\/\/archive.moeb.ca\/en\/information\/\",\"name\":\"Information - Sound and Image Archive Emile Berliner\",\"isPartOf\":{\"@id\":\"https:\/\/archive.moeb.ca\/en\/#website\"},\"datePublished\":\"2023-07-22T13:27:39+00:00\",\"dateModified\":\"2024-05-21T19:48:39+00:00\",\"breadcrumb\":{\"@id\":\"https:\/\/archive.moeb.ca\/en\/information\/#breadcrumb\"},\"inLanguage\":\"en-US\",\"potentialAction\":[{\"@type\":\"ReadAction\",\"target\":[\"https:\/\/archive.moeb.ca\/en\/information\/\"]}]},{\"@type\":\"BreadcrumbList\",\"@id\":\"https:\/\/archive.moeb.ca\/en\/information\/#breadcrumb\",\"itemListElement\":[{\"@type\":\"ListItem\",\"position\":1,\"name\":\"Accueil\",\"item\":\"https:\/\/archive.moeb.ca\/en\/\"},{\"@type\":\"ListItem\",\"position\":2,\"name\":\"Information\"}]},{\"@type\":\"WebSite\",\"@id\":\"https:\/\/archive.moeb.ca\/en\/#website\",\"url\":\"https:\/\/archive.moeb.ca\/en\/\",\"name\":\"Sound and Image Archive Emile Berliner\",\"description\":\"The Berliner Archive presents discs and recordings, photographs, documents, books, brochures and advertisements.\",\"publisher\":{\"@id\":\"https:\/\/archive.moeb.ca\/en\/#organization\"},\"potentialAction\":[{\"@type\":\"SearchAction\",\"target\":{\"@type\":\"EntryPoint\",\"urlTemplate\":\"https:\/\/archive.moeb.ca\/en\/?s={search_term_string}\"},\"query-input\":{\"@type\":\"PropertyValueSpecification\",\"valueRequired\":true,\"valueName\":\"search_term_string\"}}],\"inLanguage\":\"en-US\"},{\"@type\":\"Organization\",\"@id\":\"https:\/\/archive.moeb.ca\/en\/#organization\",\"name\":\"Mus\u00e9e des Ondes Emile Berliner\",\"url\":\"https:\/\/archive.moeb.ca\/en\/\",\"logo\":{\"@type\":\"ImageObject\",\"inLanguage\":\"en-US\",\"@id\":\"https:\/\/archive.moeb.ca\/en\/#\/schema\/logo\/image\/\",\"url\":\"https:\/\/archive.moeb.ca\/wp-content\/uploads\/2023\/07\/archive-moeb-logo-fra-neg.jpg\",\"contentUrl\":\"https:\/\/archive.moeb.ca\/wp-content\/uploads\/2023\/07\/archive-moeb-logo-fra-neg.jpg\",\"width\":230,\"height\":150,\"caption\":\"Mus\u00e9e des Ondes Emile Berliner\"},\"image\":{\"@id\":\"https:\/\/archive.moeb.ca\/en\/#\/schema\/logo\/image\/\"},\"sameAs\":[\"https:\/\/www.facebook.com\/moebmtl\"]}]}<\/script>\n<!-- \/ Yoast SEO plugin. -->","yoast_head_json":{"title":"Information - Sound and Image Archive Emile Berliner","robots":{"index":"index","follow":"follow","max-snippet":"max-snippet:-1","max-image-preview":"max-image-preview:large","max-video-preview":"max-video-preview:-1"},"canonical":"https:\/\/archive.moeb.ca\/en\/information\/","og_locale":"en_US","og_type":"article","og_title":"Information - Sound and Image Archive Emile Berliner","og_description":"Information Les archives sonores et d&#8217;images d&#8217;Emile Berliner (Les Archives Berliner) pr\u00e9sentent des disques et des enregistrements, des photographes, des documents, des livres, des brochures, des publicit\u00e9s, car nous pensons que vous pouvez avoir une exp\u00e9rience en ligne enrichissante de cette partie de la collection du Mus\u00e9e des ondes Emile Berliner (MOEB). De plus, ces [&hellip;]","og_url":"https:\/\/archive.moeb.ca\/en\/information\/","og_site_name":"Sound and Image Archive Emile Berliner","article_publisher":"https:\/\/www.facebook.com\/moebmtl","article_modified_time":"2024-05-21T19:48:39+00:00","twitter_card":"summary_large_image","twitter_misc":{"Est. reading time":"3 minutes"},"schema":{"@context":"https:\/\/schema.org","@graph":[{"@type":"WebPage","@id":"https:\/\/archive.moeb.ca\/en\/information\/","url":"https:\/\/archive.moeb.ca\/en\/information\/","name":"Information - Sound and Image Archive Emile Berliner","isPartOf":{"@id":"https:\/\/archive.moeb.ca\/en\/#website"},"datePublished":"2023-07-22T13:27:39+00:00","dateModified":"2024-05-21T19:48:39+00:00","breadcrumb":{"@id":"https:\/\/archive.moeb.ca\/en\/information\/#breadcrumb"},"inLanguage":"en-US","potentialAction":[{"@type":"ReadAction","target":["https:\/\/archive.moeb.ca\/en\/information\/"]}]},{"@type":"BreadcrumbList","@id":"https:\/\/archive.moeb.ca\/en\/information\/#breadcrumb","itemListElement":[{"@type":"ListItem","position":1,"name":"Accueil","item":"https:\/\/archive.moeb.ca\/en\/"},{"@type":"ListItem","position":2,"name":"Information"}]},{"@type":"WebSite","@id":"https:\/\/archive.moeb.ca\/en\/#website","url":"https:\/\/archive.moeb.ca\/en\/","name":"Sound and Image Archive Emile Berliner","description":"The Berliner Archive presents discs and recordings, photographs, documents, books, brochures and advertisements.","publisher":{"@id":"https:\/\/archive.moeb.ca\/en\/#organization"},"potentialAction":[{"@type":"SearchAction","target":{"@type":"EntryPoint","urlTemplate":"https:\/\/archive.moeb.ca\/en\/?s={search_term_string}"},"query-input":{"@type":"PropertyValueSpecification","valueRequired":true,"valueName":"search_term_string"}}],"inLanguage":"en-US"},{"@type":"Organization","@id":"https:\/\/archive.moeb.ca\/en\/#organization","name":"Mus\u00e9e des Ondes Emile Berliner","url":"https:\/\/archive.moeb.ca\/en\/","logo":{"@type":"ImageObject","inLanguage":"en-US","@id":"https:\/\/archive.moeb.ca\/en\/#\/schema\/logo\/image\/","url":"https:\/\/archive.moeb.ca\/wp-content\/uploads\/2023\/07\/archive-moeb-logo-fra-neg.jpg","contentUrl":"https:\/\/archive.moeb.ca\/wp-content\/uploads\/2023\/07\/archive-moeb-logo-fra-neg.jpg","width":230,"height":150,"caption":"Mus\u00e9e des Ondes Emile Berliner"},"image":{"@id":"https:\/\/archive.moeb.ca\/en\/#\/schema\/logo\/image\/"},"sameAs":["https:\/\/www.facebook.com\/moebmtl"]}]}},"_links":{"self":[{"href":"https:\/\/archive.moeb.ca\/en\/wp-json\/wp\/v2\/pages\/2540","targetHints":{"allow":["GET"]}}],"collection":[{"href":"https:\/\/archive.moeb.ca\/en\/wp-json\/wp\/v2\/pages"}],"about":[{"href":"https:\/\/archive.moeb.ca\/en\/wp-json\/wp\/v2\/types\/page"}],"author":[{"embeddable":true,"href":"https:\/\/archive.moeb.ca\/en\/wp-json\/wp\/v2\/users\/1"}],"replies":[{"embeddable":true,"href":"https:\/\/archive.moeb.ca\/en\/wp-json\/wp\/v2\/comments?post=2540"}],"version-history":[{"count":4,"href":"https:\/\/archive.moeb.ca\/en\/wp-json\/wp\/v2\/pages\/2540\/revisions"}],"predecessor-version":[{"id":13204,"href":"https:\/\/archive.moeb.ca\/en\/wp-json\/wp\/v2\/pages\/2540\/revisions\/13204"}],"wp:attachment":[{"href":"https:\/\/archive.moeb.ca\/en\/wp-json\/wp\/v2\/media?parent=2540"}],"curies":[{"name":"wp","href":"https:\/\/api.w.org\/{rel}","templated":true}]}}